{"id":11,"date":"2025-09-12T13:15:18","date_gmt":"2025-09-12T18:15:18","guid":{"rendered":"https:\/\/egresados2.unillanos.edu.co\/?page_id=11"},"modified":"2026-01-21T12:43:18","modified_gmt":"2026-01-21T17:43:18","slug":"solicitud-de-carnet","status":"publish","type":"page","link":"https:\/\/egresados.unillanos.edu.co\/index.php\/solicitud-de-carnet\/","title":{"rendered":"Solicitud de carnet"},"content":{"rendered":"\n<h1 class=\"wp-block-heading\">Solicitud de carn\u00e9<\/h1>\n\n\n\n<h1 class=\"wp-block-heading\">&nbsp;<\/h1>\n\n\n\n<h1 class=\"wp-block-heading has-medium-font-size\">La Universidad de los Llanos invita a sus profesionales a que lleven a cabo la adquisici\u00f3n del carn\u00e9 de egresados como parte de la comunidad universitaria, y de esta manera poder estar informado de las actividades que organiza la universidad y el Programa de Egresados, resaltando que con la presentaci\u00f3n del carn\u00e9 tiene acceso al plan de est\u00edmulos establecido a trav\u00e9s del Acuerdo Superior 013 de 2018 y los distintos beneficios que all\u00ed puede encontrar.<\/h1>\n\n\n\n<h1 class=\"wp-block-heading has-medium-font-size\">Ingrese a la plataforma SIAU <a href=\"https:\/\/siau.unillanos.edu.co:8443\/ORION\/Login\">https:\/\/siau.unillanos.edu.co:8443\/ORION\/Login<\/a> , en el men\u00fa de la izquierda encontrar\u00e1 la opci\u00f3n Pago de servicios, donde una vez realizado el pago, debe ingresar a la opci\u00f3n Ayudas Educativas para subir la foto.<\/h1>\n\n\n\n<h1 class=\"wp-block-heading has-medium-font-size\">Si va a tramitar su carn\u00e9 y no cuenta con usuario en la plataforma SIAU <em>(egresados antiguos),<\/em> puede hacerlo a trav\u00e9s de los siguientes pasos:<\/h1>\n\n\n\n<h1 class=\"wp-block-heading has-medium-font-size\">1.&nbsp;&nbsp;&nbsp;&nbsp; Ingrese al enlace <a href=\"https:\/\/siau.unillanos.edu.co:8443\/ORION\/RecibosEgresados\">https:\/\/siau.unillanos.edu.co:8443\/ORION\/RecibosEgresados<\/a>&nbsp; y descargue el desprendible de pago.<\/h1>\n\n\n\n<p>Si el enlace del paso anterior&nbsp; presenta inconvenientes, enviar solicitud a&nbsp;<a href=\"mailto:tesoreria@unillanos.edu.co\">tesoreria@unillanos.edu.co<\/a>&nbsp;con el asunto: &#8220;Solicitud desprendible pago: Carn\u00e9 Egresados&#8221;;&nbsp;&nbsp;indicando: nombre completo, n\u00famero de documento, programa, n\u00famero de tel\u00e9fono y correo electr\u00f3nico.&nbsp;<\/p>\n\n\n\n<h1 class=\"wp-block-heading has-medium-font-size\">2.&nbsp;&nbsp;&nbsp;&nbsp; Posteriormente diligencie el siguiente formulario &nbsp;<a href=\"https:\/\/forms.gle\/ox7a6qcVSu1C73dt5\">https:\/\/forms.gle\/ox7a6qcVSu1C73dt5<\/a> donde debe cargar :<\/h1>\n\n\n\n<h1 class=\"wp-block-heading has-medium-font-size\">\u00b7&nbsp;&nbsp;&nbsp;&nbsp;&nbsp;&nbsp; El comprobante de pago del carn\u00e9<\/h1>\n\n\n\n<h1 class=\"wp-block-heading has-medium-font-size\">\u00b7&nbsp;&nbsp;&nbsp;&nbsp;&nbsp;&nbsp; Fotograf\u00eda con las siguientes caracter\u00edsticas<\/h1>\n\n\n\n<h1 class=\"wp-block-heading has-medium-font-size\">Fondo: Totalmente blanco<\/h1>\n\n\n\n<h1 class=\"wp-block-heading has-medium-font-size\">Formato: JPG o PNG<\/h1>\n\n\n\n<h1 class=\"wp-block-heading has-medium-font-size\">Nombre del archivo: Su n\u00famero de identificaci\u00f3n.<\/h1>\n\n\n\n<h1 class=\"wp-block-heading has-medium-font-size\">\u00b7&nbsp;&nbsp;&nbsp;&nbsp;&nbsp;&nbsp; Acta de grado o Diploma en formato PDF, JPG o PNG<\/h1>\n\n\n\n<h1 class=\"wp-block-heading\">&nbsp;<\/h1>\n\n\n\n<p><\/p>\n","protected":false},"excerpt":{"rendered":"<p>Solicitud de carn\u00e9 &nbsp; La Universidad de los Llanos invita a sus profesionales a que lleven a cabo la adquisici\u00f3n del carn\u00e9 de egresados como parte de la comunidad universitaria, y de esta manera poder estar informado de las actividades que organiza la universidad y el Programa de Egresados, resaltando que con la presentaci\u00f3n del [&hellip;]<\/p>\n","protected":false},"author":1,"featured_media":0,"parent":0,"menu_order":0,"comment_status":"closed","ping_status":"closed","template":"","meta":{"_eb_attr":"","footnotes":""},"class_list":["post-11","page","type-page","status-publish","hentry"],"blocksy_meta":{"has_hero_section":"disabled","styles_descriptor":{"styles":{"desktop":"","tablet":"","mobile":""},"google_fonts":[],"version":6}},"_links":{"self":[{"href":"https:\/\/egresados.unillanos.edu.co\/index.php\/wp-json\/wp\/v2\/pages\/11","targetHints":{"allow":["GET"]}}],"collection":[{"href":"https:\/\/egresados.unillanos.edu.co\/index.php\/wp-json\/wp\/v2\/pages"}],"about":[{"href":"https:\/\/egresados.unillanos.edu.co\/index.php\/wp-json\/wp\/v2\/types\/page"}],"author":[{"embeddable":true,"href":"https:\/\/egresados.unillanos.edu.co\/index.php\/wp-json\/wp\/v2\/users\/1"}],"replies":[{"embeddable":true,"href":"https:\/\/egresados.unillanos.edu.co\/index.php\/wp-json\/wp\/v2\/comments?post=11"}],"version-history":[{"count":6,"href":"https:\/\/egresados.unillanos.edu.co\/index.php\/wp-json\/wp\/v2\/pages\/11\/revisions"}],"predecessor-version":[{"id":212,"href":"https:\/\/egresados.unillanos.edu.co\/index.php\/wp-json\/wp\/v2\/pages\/11\/revisions\/212"}],"wp:attachment":[{"href":"https:\/\/egresados.unillanos.edu.co\/index.php\/wp-json\/wp\/v2\/media?parent=11"}],"curies":[{"name":"wp","href":"https:\/\/api.w.org\/{rel}","templated":true}]}}