{"id":13,"date":"2025-09-12T13:19:26","date_gmt":"2025-09-12T18:19:26","guid":{"rendered":"https:\/\/egresados2.unillanos.edu.co\/?page_id=13"},"modified":"2026-01-21T12:45:01","modified_gmt":"2026-01-21T17:45:01","slug":"aprobacion-grados","status":"publish","type":"page","link":"https:\/\/egresados.unillanos.edu.co\/index.php\/aprobacion-grados\/","title":{"rendered":"Proceso de grado"},"content":{"rendered":"\n<p><strong>Proceso de Grado<\/strong><\/p>\n\n\n\n<p>A continuaci\u00f3n, se presentan los pasos a llevar a cabo para obtener la aprobaci\u00f3n por parte del Programa de Egresados en el proceso de grado en la plataforma SIAU, este proceso aplica para los aspirantes a grado a trav\u00e9s de ceremonia o ventanilla de los diferentes programas acad\u00e9micos de pregrado y posgrado.<\/p>\n\n\n\n<p>Recuerde que debe haber realizado la totalidad de los pasos para obtener la aprobaci\u00f3n, y confirmar al WhatsApp 3214567192; lo invitamos a leer detalladamente.<\/p>\n\n\n\n<p><strong>Paso 1:&nbsp;Sistema de Informaci\u00f3n de Egresados Unillanos<\/strong>.<\/p>\n\n\n\n<p>Sigue las instrucciones&nbsp;<a href=\"https:\/\/drive.google.com\/drive\/folders\/1W9RH1SGGAI5OoPtXkceX01TLoIDGHfHS?usp=sharing\" target=\"_blank\" rel=\"noreferrer noopener\">para tr\u00e1mite de grado y aprobaci\u00f3n en SIAU<\/a><\/p>\n\n\n\n<p>Ingrese al&nbsp;<a href=\"https:\/\/siau.unillanos.edu.co:8443\/ORION\/Login\" target=\"_blank\" rel=\"noreferrer noopener\">enlace&nbsp;<\/a>&nbsp;e inicie sesi\u00f3n con su usuario de&nbsp;<a href=\"https:\/\/siau.unillanos.edu.co:8443\/ORION\/Login\">SIAU<\/a>,&nbsp;en el men\u00fa de la izquierda encontrar\u00e1 la opci\u00f3n \u201cEncuesta de Egresado\u201d.<\/p>\n\n\n\n<p>Diligenciar las 3 encuestas, tenga en cuenta que no se acepta informaci\u00f3n incompleta:<\/p>\n\n\n\n<ul class=\"wp-block-list\">\n<li>Datos Personales.<\/li>\n\n\n\n<li>Datos Laborales.<\/li>\n\n\n\n<li>Datos Acad\u00e9micos y&nbsp;Adicionales (por cada programa cursado en la Universidad).<\/li>\n<\/ul>\n\n\n\n<p>Para los estudiantes de Pregrado y posgrado:&nbsp;que no cuenten con usuario en la plataforma SIAU, por favor comunicarse con la Oficina de Sistemas de la Universidad de los Llanos para solicitarlo, con la siguiente informaci\u00f3n.<\/p>\n\n\n\n<ul class=\"wp-block-list\">\n<li>Correo:&nbsp;<a href=\"mailto:sistemas@unillanos.edu.co\">sistemas@unillanos.edu.co<\/a><\/li>\n\n\n\n<li>Asunto:&nbsp;Solicitud usuario SIAU.<\/li>\n\n\n\n<li>Contenido:&nbsp;C\u00f3digo institucional y n\u00famero de c\u00e9dula.<\/li>\n<\/ul>\n\n\n\n<p>Enviar el mensaje desde su correo institucional, en el caso de no tener uno, adjuntar al mensaje una imagen de la&nbsp;c\u00e9dula.<\/p>\n\n\n\n<p><strong>Paso 2:&nbsp;Encuesta del Observatorio Laboral para la Educaci\u00f3n del MEN.<\/strong><\/p>\n\n\n\n<p>Ingrese a la plataforma del Ministerio de Educaci\u00f3n Nacional (MEN) a trav\u00e9s del siguiente&nbsp;&nbsp;<a href=\"https:\/\/encuestasole.mineducacion.gov.co\/hecaa-encuestas\/login_encuestas\" target=\"_blank\" rel=\"noreferrer noopener\">enlace<\/a><a href=\"https:\/\/encuestasole.mineducacion.gov.co\/hecaa-encuestas\/login_encuestas\" target=\"_blank\" rel=\"noreferrer noopener\">&nbsp;y&nbsp;realice la encuesta<\/a>.<\/p>\n\n\n\n<p>Recuerde que no se acepta informaci\u00f3n incompleta.<\/p>\n\n\n\n<ul class=\"wp-block-list\">\n<li>Encuesta Momento 0 cero<\/li>\n\n\n\n<li>Encuesta \u00cdndice de inclusi\u00f3n.<\/li>\n\n\n\n<li>Si usted es egresado de los \u00faltimos 5 a\u00f1os de la Universidad de los Llanos, tambi\u00e9n deber\u00e1&nbsp;diligenciar las encuestas momento 1 o momento 5 si aplica.<\/li>\n<\/ul>\n\n\n\n<p><strong>Paso 3: Pago del carn\u00e9<\/strong><\/p>\n\n\n\n<p>El carn\u00e9 de egresados es diferente al carn\u00e9 estudiantil.<\/p>\n\n\n\n<p>Para producir el carn\u00e9 de Egresado de la Universidad de los Llanos, ingrese a la plataforma SIAU en el siguiente&nbsp;<a href=\"https:\/\/siau.unillanos.edu.co:8443\/ORION\/Login\" target=\"_blank\" rel=\"noreferrer noopener\">enlace<\/a>&nbsp;&nbsp;y realiza el pago; este se ver\u00e1 reflejado directamente en el sistema y&nbsp;cargue la fotograf\u00eda en &nbsp;la opci\u00f3n Ayuda Educativas.<\/p>\n\n\n\n<p>Si llega a presentar inconvenientes con la plataforma debe remitir correo electr\u00f3nico a la oficina de sistemas&nbsp;<a href=\"mailto:sistemas@unillanos.edu.co\">sistemas@unillanos.edu.co<\/a><\/p>\n\n\n\n<p>Valor Carn\u00e9 Egresado:\u00a0$46.700\u00a0(valor a\u00f1o 2026)<\/p>\n\n\n\n<p>Nota: \u00danicamente si usted es Egresado de otro programa&nbsp;de la universidad y ya tiene el carn\u00e9, adjunte imagen de este en el siguiente enlace para validaci\u00f3n: <a href=\"https:\/\/forms.gle\/gKZ9WPyGjD5wvTZUA\">https:\/\/forms.gle\/gKZ9WPyGjD5wvTZUA<\/a><\/p>\n\n\n\n<p><strong>Paso 4:&nbsp;Encuesta Egresados<\/strong><\/p>\n\n\n\n<p>Diligencie la&nbsp;<a href=\"https:\/\/forms.gle\/HZt8X6up5KqUU6ax7\">Encuesta de actualizaci\u00f3n de datos<\/a>.<\/p>\n\n\n\n<p>Si realizaste todos los pasos, una vez se realice la respectiva revisi\u00f3n, la solicitud de aprobaci\u00f3n por parte del Programa de Egresados podr\u00e1 ser visualizada en la plataforma SIAU. Es importante tener en cuenta las fechas establecidas por la oficina de admisiones para completar el proceso dentro de los t\u00e9rminos establecidos que son bajo los que nos regimos. Se recomienda al aspirante hacer el seguimiento de su tr\u00e1mite.<\/p>\n\n\n\n<p>Tenga en cuenta<\/p>\n\n\n\n<p>El carn\u00e9 de egresados se entrega el d\u00eda de la ceremonia.<\/p>\n\n\n\n<p>Si ya posee el carn\u00e9 de egresados no es necesario volver a tramitarlo. Solo debe presentarlo en el enlace que se registra en el paso 3 para su verificaci\u00f3n.<\/p>\n\n\n\n<p>Cualquier duda o inquietud, se puede dirigir&nbsp;v\u00eda WhatsApp al&nbsp;321 456 7192&nbsp;o al correo&nbsp;<a href=\"mailto:programaegresados@unillanos.edu.co\">programaegresados@unillanos.edu.co<\/a>&nbsp;&nbsp;adjuntando &nbsp;los siguientes datos:&nbsp; Nombre completo, programa,&nbsp;&nbsp;n\u00famero de c\u00e9dula y n\u00famero celular&nbsp;&nbsp;<\/p>\n\n\n\n<p><\/p>\n","protected":false},"excerpt":{"rendered":"<p>Proceso de Grado A continuaci\u00f3n, se presentan los pasos a llevar a cabo para obtener la aprobaci\u00f3n por parte del Programa de Egresados en el proceso de grado en la plataforma SIAU, este proceso aplica para los aspirantes a grado a trav\u00e9s de ceremonia o ventanilla de los diferentes programas acad\u00e9micos de pregrado y posgrado. [&hellip;]<\/p>\n","protected":false},"author":1,"featured_media":0,"parent":0,"menu_order":0,"comment_status":"closed","ping_status":"closed","template":"","meta":{"_eb_attr":"","footnotes":""},"class_list":["post-13","page","type-page","status-publish","hentry"],"blocksy_meta":{"has_hero_section":"disabled","styles_descriptor":{"styles":{"desktop":"","tablet":"","mobile":""},"google_fonts":[],"version":6}},"_links":{"self":[{"href":"https:\/\/egresados.unillanos.edu.co\/index.php\/wp-json\/wp\/v2\/pages\/13","targetHints":{"allow":["GET"]}}],"collection":[{"href":"https:\/\/egresados.unillanos.edu.co\/index.php\/wp-json\/wp\/v2\/pages"}],"about":[{"href":"https:\/\/egresados.unillanos.edu.co\/index.php\/wp-json\/wp\/v2\/types\/page"}],"author":[{"embeddable":true,"href":"https:\/\/egresados.unillanos.edu.co\/index.php\/wp-json\/wp\/v2\/users\/1"}],"replies":[{"embeddable":true,"href":"https:\/\/egresados.unillanos.edu.co\/index.php\/wp-json\/wp\/v2\/comments?post=13"}],"version-history":[{"count":9,"href":"https:\/\/egresados.unillanos.edu.co\/index.php\/wp-json\/wp\/v2\/pages\/13\/revisions"}],"predecessor-version":[{"id":211,"href":"https:\/\/egresados.unillanos.edu.co\/index.php\/wp-json\/wp\/v2\/pages\/13\/revisions\/211"}],"wp:attachment":[{"href":"https:\/\/egresados.unillanos.edu.co\/index.php\/wp-json\/wp\/v2\/media?parent=13"}],"curies":[{"name":"wp","href":"https:\/\/api.w.org\/{rel}","templated":true}]}}