{"id":176,"date":"2025-11-26T17:31:44","date_gmt":"2025-11-26T22:31:44","guid":{"rendered":"https:\/\/egresados.unillanos.edu.co\/?page_id=176"},"modified":"2025-12-01T09:23:39","modified_gmt":"2025-12-01T14:23:39","slug":"instructivos","status":"publish","type":"page","link":"https:\/\/egresados.unillanos.edu.co\/index.php\/instructivos\/","title":{"rendered":"Instructivos"},"content":{"rendered":"\n<p><strong>Gu\u00eda para Egresados y Empleadores<\/strong><\/p>\n\n\n\n<p>Accede a la Bolsa de Empleo de la Universidad de los Llanos, su plataforma de conexi\u00f3n directa entre el talento egresado y las empresas que buscan personal cualificado.&nbsp;<\/p>\n\n\n\n<p>Para asegurar que su experiencia sea \u00f3ptima y que pueda aprovechar al m\u00e1ximo todas las herramientas de publicaci\u00f3n de ofertas o de postulaci\u00f3n, es indispensable que consulte los instructivos. Le invitamos, tanto si es un egresado buscando empleo como un empleador publicando vacantes, a descargar y revisar los manuales de uso que se encuentran justo debajo. Seguir estos pasos garantizar\u00e1 un proceso fluido y la correcta gesti\u00f3n de su perfil.<\/p>\n\n\n\n<p><a href=\"https:\/\/egresados.unillanos.edu.co\/wp-content\/uploads\/2025\/11\/SISE-Manual-demandantes.pdf\">Manual de uso plataforma de empleo para egresados unillanistas<\/a><\/p>\n\n\n\n<p><a href=\"https:\/\/egresados.unillanos.edu.co\/wp-content\/uploads\/2025\/11\/SISE-Manual-de-oferentes.pdf\">Manual de uso plataforma de empleo para empleadores<\/a><\/p>\n\n\n\n<p><\/p>\n","protected":false},"excerpt":{"rendered":"<p>Gu\u00eda para Egresados y Empleadores Accede a la Bolsa de Empleo de la Universidad de los Llanos, su plataforma de conexi\u00f3n directa entre el talento egresado y las empresas que buscan personal cualificado.&nbsp; Para asegurar que su experiencia sea \u00f3ptima y que pueda aprovechar al m\u00e1ximo todas las herramientas de publicaci\u00f3n de ofertas o de [&hellip;]<\/p>\n","protected":false},"author":1,"featured_media":0,"parent":0,"menu_order":0,"comment_status":"closed","ping_status":"closed","template":"","meta":{"_eb_attr":"","footnotes":""},"class_list":["post-176","page","type-page","status-publish","hentry"],"blocksy_meta":[],"_links":{"self":[{"href":"https:\/\/egresados.unillanos.edu.co\/index.php\/wp-json\/wp\/v2\/pages\/176","targetHints":{"allow":["GET"]}}],"collection":[{"href":"https:\/\/egresados.unillanos.edu.co\/index.php\/wp-json\/wp\/v2\/pages"}],"about":[{"href":"https:\/\/egresados.unillanos.edu.co\/index.php\/wp-json\/wp\/v2\/types\/page"}],"author":[{"embeddable":true,"href":"https:\/\/egresados.unillanos.edu.co\/index.php\/wp-json\/wp\/v2\/users\/1"}],"replies":[{"embeddable":true,"href":"https:\/\/egresados.unillanos.edu.co\/index.php\/wp-json\/wp\/v2\/comments?post=176"}],"version-history":[{"count":2,"href":"https:\/\/egresados.unillanos.edu.co\/index.php\/wp-json\/wp\/v2\/pages\/176\/revisions"}],"predecessor-version":[{"id":194,"href":"https:\/\/egresados.unillanos.edu.co\/index.php\/wp-json\/wp\/v2\/pages\/176\/revisions\/194"}],"wp:attachment":[{"href":"https:\/\/egresados.unillanos.edu.co\/index.php\/wp-json\/wp\/v2\/media?parent=176"}],"curies":[{"name":"wp","href":"https:\/\/api.w.org\/{rel}","templated":true}]}}