{"id":181,"date":"2025-11-26T17:36:10","date_gmt":"2025-11-26T22:36:10","guid":{"rendered":"https:\/\/egresados.unillanos.edu.co\/?page_id=181"},"modified":"2025-12-01T09:23:04","modified_gmt":"2025-12-01T14:23:04","slug":"orientacion-oferentes-y-empleadores","status":"publish","type":"page","link":"https:\/\/egresados.unillanos.edu.co\/index.php\/orientacion-oferentes-y-empleadores\/","title":{"rendered":"ORIENTACION OFERENTES Y EMPLEADORES"},"content":{"rendered":"\n<p><strong>ORIENTACION OFERENTES Y EMPLEADORES<\/strong><\/p>\n\n\n\n<p><strong>Tu Puente al \u00c9xito Laboral en la Universidad de los Llanos<\/strong><\/p>\n\n\n\n<p><strong>Explora\u00a0 la secci\u00f3n de Orientaci\u00f3n y Tutoriales de la Bolsa de Empleo de la Universidad de los Llanos. Aqu\u00ed encontrar\u00e1 herramientas dise\u00f1adas para apoyar tanto a egresados como a potenciales empleadores. Nuestro objetivo es facilitar el acceso a oportunidades profesionales, ofreciendo recursos informativos y tutoriales especializados que fortalecen a la comunidad universitaria en su proceso de b\u00fasqueda de empleo. Adem\u00e1s, proporcionamos a los empleadores las herramientas necesarias para simplificar la b\u00fasqueda de mano de obra calificada, promoviendo as\u00ed conexiones efectivas y de calidad.<\/strong><\/p>\n\n\n\n<p><\/p>\n","protected":false},"excerpt":{"rendered":"<p>ORIENTACION OFERENTES Y EMPLEADORES Tu Puente al \u00c9xito Laboral en la Universidad de los Llanos Explora\u00a0 la secci\u00f3n de Orientaci\u00f3n y Tutoriales de la Bolsa de Empleo de la Universidad de los Llanos. Aqu\u00ed encontrar\u00e1 herramientas dise\u00f1adas para apoyar tanto a egresados como a potenciales empleadores. Nuestro objetivo es facilitar el acceso a oportunidades profesionales, [&hellip;]<\/p>\n","protected":false},"author":1,"featured_media":0,"parent":0,"menu_order":0,"comment_status":"closed","ping_status":"closed","template":"","meta":{"_eb_attr":"","footnotes":""},"class_list":["post-181","page","type-page","status-publish","hentry"],"blocksy_meta":[],"_links":{"self":[{"href":"https:\/\/egresados.unillanos.edu.co\/index.php\/wp-json\/wp\/v2\/pages\/181","targetHints":{"allow":["GET"]}}],"collection":[{"href":"https:\/\/egresados.unillanos.edu.co\/index.php\/wp-json\/wp\/v2\/pages"}],"about":[{"href":"https:\/\/egresados.unillanos.edu.co\/index.php\/wp-json\/wp\/v2\/types\/page"}],"author":[{"embeddable":true,"href":"https:\/\/egresados.unillanos.edu.co\/index.php\/wp-json\/wp\/v2\/users\/1"}],"replies":[{"embeddable":true,"href":"https:\/\/egresados.unillanos.edu.co\/index.php\/wp-json\/wp\/v2\/comments?post=181"}],"version-history":[{"count":2,"href":"https:\/\/egresados.unillanos.edu.co\/index.php\/wp-json\/wp\/v2\/pages\/181\/revisions"}],"predecessor-version":[{"id":193,"href":"https:\/\/egresados.unillanos.edu.co\/index.php\/wp-json\/wp\/v2\/pages\/181\/revisions\/193"}],"wp:attachment":[{"href":"https:\/\/egresados.unillanos.edu.co\/index.php\/wp-json\/wp\/v2\/media?parent=181"}],"curies":[{"name":"wp","href":"https:\/\/api.w.org\/{rel}","templated":true}]}}