{"id":50,"date":"2025-09-15T15:01:02","date_gmt":"2025-09-15T20:01:02","guid":{"rendered":"https:\/\/egresados2.unillanos.edu.co\/?page_id=50"},"modified":"2025-09-15T15:39:07","modified_gmt":"2025-09-15T20:39:07","slug":"quienes-somos","status":"publish","type":"page","link":"https:\/\/egresados.unillanos.edu.co\/index.php\/quienes-somos\/","title":{"rendered":"Quienes somos"},"content":{"rendered":"\n<figure class=\"wp-block-image aligncenter size-large\"><img fetchpriority=\"high\" decoding=\"async\" width=\"1024\" height=\"80\" src=\"https:\/\/egresados2.unillanos.edu.co\/wp-content\/uploads\/2025\/09\/Egresados_8-1024x80.png\" alt=\"\" class=\"wp-image-81\" srcset=\"https:\/\/egresados.unillanos.edu.co\/wp-content\/uploads\/2025\/09\/Egresados_8-1024x80.png 1024w, https:\/\/egresados.unillanos.edu.co\/wp-content\/uploads\/2025\/09\/Egresados_8-300x23.png 300w, https:\/\/egresados.unillanos.edu.co\/wp-content\/uploads\/2025\/09\/Egresados_8-768x60.png 768w, https:\/\/egresados.unillanos.edu.co\/wp-content\/uploads\/2025\/09\/Egresados_8-1536x120.png 1536w, https:\/\/egresados.unillanos.edu.co\/wp-content\/uploads\/2025\/09\/Egresados_8.png 1920w\" sizes=\"(max-width: 1024px) 100vw, 1024px\" \/><\/figure>\n\n\n\n<h1 class=\"wp-block-heading\"><strong>&nbsp;\u00bfQuienes Somos?<\/strong><\/h1>\n\n\n\n<hr class=\"wp-block-separator has-alpha-channel-opacity\"\/>\n\n\n\n<p>El Programa de Egresados de la Universidad de los Llanos, est\u00e1 orientado por el marco jur\u00eddico y filos\u00f3fico del Proyecto Educativo Institucional, el cual promueve la vinculaci\u00f3n activa de sus alumnos para el desarrollo de las funciones misionales de investigaci\u00f3n, investigaci\u00f3n y proyecci\u00f3n social, fortalezas as\u00ed su sentido de pertenencia y ser proyectado en todos los \u00e1mbitos de la sociedad a nivel p\u00fablico y privado.&nbsp;Propendan por el mejoramiento de la calidad de vida de las comunidades y una vez por la gesti\u00f3n institucional en el contexto regional y nacional, estableciendo relaciones de intercambio y cooperaci\u00f3n a nivel interinstitucional.<br><br>El Programa estar\u00e1 adscrito a la Direcci\u00f3n de Proyecci\u00f3n Social y Desarrollo de Actividades y Proyectos acordes con el PEI, con el Plan de Desarrollo Institucional 2005-2020 y los Planes anuales de Acci\u00f3n que correspondan a cada vigencia desde la Proyecci\u00f3n Social de la Universidad.<\/p>\n\n\n\n<h2 class=\"wp-block-heading\">Misi\u00f3n institucional<\/h2>\n\n\n\n<p>Los Egresados de la Universidad de los Llanos son considerados fundamentales en el desarrollo de la Instituci\u00f3n y la sociedad en su mayor\u00eda Orinoquesa, en la medida en que sus conocimientos y proyectos de vida se ven reflejados y son puestos al servicio de la construcci\u00f3n de un mundo mejor centrado en la paz, la cohesi\u00f3n social y la identidad regional y nacional.&nbsp;En este sentido, la misi\u00f3n del Programa de Egresados se dirige principalmente a:<\/p>\n\n\n\n<ul class=\"wp-block-list\">\n<li>Trabajar y velar por el fortalecimiento de los Egresados.<\/li>\n\n\n\n<li>Establecer planes y programas que permitan la interacci\u00f3n permanente de la Universidad con sus Egresados.<\/li>\n\n\n\n<li>Propia por la permanente cualificaci\u00f3n profesional de los Egresados, vincul\u00e1ndolos de manera efectiva al desarrollo de las funciones misioneras relacionadas con la investigaci\u00f3n.<\/li>\n<\/ul>\n\n\n\n<h2 class=\"wp-block-heading\">Visi\u00f3n institucional<\/h2>\n\n\n\n<p>La Universidad de los Llanos ofrece la mejor opci\u00f3n de Educaci\u00f3n Superior de su \u00e1rea de influencia, dentro de un esp\u00edritu de pensamiento reflexivo, acci\u00f3n aut\u00f3noma, creatividad e innovaci\u00f3n.&nbsp;Al ser consciente de su relaci\u00f3n con la regi\u00f3n y la Naci\u00f3n es el punto de referencia en el dominio del conocimiento y de las competencias profesionales en la b\u00fasqueda de la excelencia acad\u00e9mica.&nbsp;<br><br>Como instituci\u00f3n de sabidur\u00eda y organizaci\u00f3n social, mantiene v\u00ednculos estrechos con su entorno natural y busca la soluci\u00f3n de los problemas a nivel regional y nacional.Para ello se apoya en la tradici\u00f3n acad\u00e9mica y, al contar con un acerbo de talento humano de probabilidades de ganar y capacidades, interpretaci\u00f3n, adecuaci\u00f3n y apropiaci\u00f3n de los avances de la ciencia y la tecnolog\u00eda para la clasificaci\u00f3n, a trav\u00e9s de la docencia, la investigaci\u00f3n y la proyecci\u00f3n social.&nbsp;<br><br>La Universidad de los Llanos busca consolidar permanentemente la ampliaci\u00f3n de su cobertura, la promoci\u00f3n y la generaci\u00f3n de nuevos programas acad\u00e9micos sobre la base de las necesidades cient\u00edficas, profesionales y de desarrollo econ\u00f3mico, social y ambiental.<\/p>\n\n\n\n<h2 class=\"wp-block-heading\">Principios y valores institucionales<\/h2>\n\n\n\n<p>La Universidad de los Llanos, la instituci\u00f3n comprometida con el desarrollo regional y nacional, la pr\u00e1ctica y la diferencia en valores universales como: la verdad, la justicia, la igualdad, la tolerancia y el compromiso con los derechos humanos, los deberes civiles y la prevalencia del bien com\u00fan sobre el particular.&nbsp;<br><br>Como fundamento de esa \u00e9tica, el proyecto institucional de la universidad se expresa en el ejercicio de los principios:<\/p>\n\n\n\n<ul class=\"wp-block-list\">\n<li><strong>Autonom\u00eda.<\/strong><\/li>\n\n\n\n<li><strong>Universalidad.<\/strong><\/li>\n\n\n\n<li><strong>Responsabilidad social.<\/strong><\/li>\n\n\n\n<li><strong>Pluralidad argumentada.&nbsp;<\/strong><\/li>\n\n\n\n<li><strong>Equidad.<\/strong><\/li>\n\n\n\n<li><strong>Libertad de c\u00e1tedra.&nbsp;<\/strong><\/li>\n\n\n\n<li><strong>Convivencia.<\/strong><\/li>\n\n\n\n<li><strong>Transparencia.<\/strong><\/li>\n\n\n\n<li><strong>Democracia participativa.&nbsp;<\/strong><\/li>\n<\/ul>\n\n\n\n<h2 class=\"wp-block-heading\">Objetivo general<\/h2>\n\n\n\n<p>El acercamiento y seguimiento a Egresados de la Universidad de los Llanos con el fin de fortalecer el v\u00ednculo de los egresados con la Universidad para que participen y aporten al desarrollo de las actividades institucionales y los procesos de transformaci\u00f3n econ\u00f3mica, social, pol\u00edtica y cultural de la Orinoquia y el pa\u00eds.<\/p>\n","protected":false},"excerpt":{"rendered":"<p>&nbsp;\u00bfQuienes Somos? El Programa de Egresados de la Universidad de los Llanos, est\u00e1 orientado por el marco jur\u00eddico y filos\u00f3fico del Proyecto Educativo Institucional, el cual promueve la vinculaci\u00f3n activa de sus alumnos para el desarrollo de las funciones misionales de investigaci\u00f3n, investigaci\u00f3n y proyecci\u00f3n social, fortalezas as\u00ed su sentido de pertenencia y ser proyectado [&hellip;]<\/p>\n","protected":false},"author":1,"featured_media":0,"parent":0,"menu_order":0,"comment_status":"closed","ping_status":"closed","template":"","meta":{"_eb_attr":"","footnotes":""},"class_list":["post-50","page","type-page","status-publish","hentry"],"blocksy_meta":{"has_hero_section":"disabled","styles_descriptor":{"styles":{"desktop":"","tablet":"","mobile":""},"google_fonts":[],"version":6}},"_links":{"self":[{"href":"https:\/\/egresados.unillanos.edu.co\/index.php\/wp-json\/wp\/v2\/pages\/50","targetHints":{"allow":["GET"]}}],"collection":[{"href":"https:\/\/egresados.unillanos.edu.co\/index.php\/wp-json\/wp\/v2\/pages"}],"about":[{"href":"https:\/\/egresados.unillanos.edu.co\/index.php\/wp-json\/wp\/v2\/types\/page"}],"author":[{"embeddable":true,"href":"https:\/\/egresados.unillanos.edu.co\/index.php\/wp-json\/wp\/v2\/users\/1"}],"replies":[{"embeddable":true,"href":"https:\/\/egresados.unillanos.edu.co\/index.php\/wp-json\/wp\/v2\/comments?post=50"}],"version-history":[{"count":4,"href":"https:\/\/egresados.unillanos.edu.co\/index.php\/wp-json\/wp\/v2\/pages\/50\/revisions"}],"predecessor-version":[{"id":83,"href":"https:\/\/egresados.unillanos.edu.co\/index.php\/wp-json\/wp\/v2\/pages\/50\/revisions\/83"}],"wp:attachment":[{"href":"https:\/\/egresados.unillanos.edu.co\/index.php\/wp-json\/wp\/v2\/media?parent=50"}],"curies":[{"name":"wp","href":"https:\/\/api.w.org\/{rel}","templated":true}]}}